{"id":8385,"date":"2024-12-19T18:09:51","date_gmt":"2024-12-19T21:09:51","guid":{"rendered":"https:\/\/casterine.com.br\/?page_id=8385"},"modified":"2025-09-05T10:02:56","modified_gmt":"2025-09-05T13:02:56","slug":"home","status":"publish","type":"page","link":"https:\/\/casterine.com.br\/es\/","title":{"rendered":"Home"},"content":{"rendered":"\t\t<div data-elementor-type=\"wp-page\" data-elementor-id=\"8385\" class=\"elementor elementor-8385\" data-elementor-post-type=\"page\">\n\t\t\t\t<div class=\"elementor-element elementor-element-ec5e5a8 e-flex e-con-boxed e-con e-parent\" data-id=\"ec5e5a8\" data-element_type=\"container\" data-settings=\"{&quot;background_background&quot;:&quot;classic&quot;}\">\n\t\t\t\t\t<div class=\"e-con-inner\">\n\t\t\t\t\t<\/div>\n\t\t\t\t<\/div>\n\t\t<div class=\"elementor-element elementor-element-d8b1939 e-flex e-con-boxed e-con e-parent\" data-id=\"d8b1939\" data-element_type=\"container\" data-settings=\"{&quot;background_background&quot;:&quot;classic&quot;}\">\n\t\t\t\t\t<div class=\"e-con-inner\">\n\t\t<div class=\"elementor-element elementor-element-96b0652 e-con-full e-flex e-con e-child\" data-id=\"96b0652\" data-element_type=\"container\">\n\t\t\t\t<div class=\"elementor-element elementor-element-efbafd7 elementor-widget elementor-widget-image\" data-id=\"efbafd7\" data-element_type=\"widget\" data-widget_type=\"image.default\">\n\t\t\t\t<div class=\"elementor-widget-container\">\n\t\t\t\t\t\t\t\t\t\t\t\t\t<img fetchpriority=\"high\" decoding=\"async\" width=\"600\" height=\"599\" src=\"https:\/\/casterine.com.br\/wp-content\/uploads\/2024\/11\/home-quemsomos.webp\" class=\"attachment-full size-full wp-image-6031\" alt=\"\" srcset=\"https:\/\/casterine.com.br\/wp-content\/uploads\/2024\/11\/home-quemsomos.webp 600w, https:\/\/casterine.com.br\/wp-content\/uploads\/2024\/11\/home-quemsomos-300x300.webp 300w, https:\/\/casterine.com.br\/wp-content\/uploads\/2024\/11\/home-quemsomos-150x150.webp 150w\" sizes=\"(max-width: 600px) 100vw, 600px\" \/>\t\t\t\t\t\t\t\t\t\t\t\t\t<\/div>\n\t\t\t\t<\/div>\n\t\t\t\t<\/div>\n\t\t<div class=\"elementor-element elementor-element-e37ef51 e-flex e-con-boxed e-con e-child\" data-id=\"e37ef51\" data-element_type=\"container\">\n\t\t\t\t\t<div class=\"e-con-inner\">\n\t\t\t\t<div class=\"elementor-element elementor-element-97023f5 elementor-widget__width-inherit elementor-widget elementor-widget-heading\" data-id=\"97023f5\" data-element_type=\"widget\" data-widget_type=\"heading.default\">\n\t\t\t\t<div class=\"elementor-widget-container\">\n\t\t\t<h2 class=\"elementor-heading-title elementor-size-default\">Rodas e Rod\u00edzios<\/h2>\t\t<\/div>\n\t\t\t\t<\/div>\n\t\t\t\t<div class=\"elementor-element elementor-element-ef937b3 elementor-widget__width-inherit elementor-widget elementor-widget-heading\" data-id=\"ef937b3\" data-element_type=\"widget\" data-widget_type=\"heading.default\">\n\t\t\t\t<div class=\"elementor-widget-container\">\n\t\t\t<h2 class=\"elementor-heading-title elementor-size-default\">NUESTRA HISTORIA<\/h2>\t\t<\/div>\n\t\t\t\t<\/div>\n\t\t\t\t<div class=\"elementor-element elementor-element-1e6718a elementor-align-left elementor-widget__width-auto elementor-mobile-align-justify elementor-widget elementor-widget-button\" data-id=\"1e6718a\" data-element_type=\"widget\" data-widget_type=\"button.default\">\n\t\t\t\t<div class=\"elementor-widget-container\">\n\t\t\t\t\t\t\t<div class=\"elementor-button-wrapper\">\n\t\t\t\t\t<a class=\"elementor-button elementor-button-link elementor-size-sm elementor-animation-float\" href=\"https:\/\/www.youtube.com\/watch?v=mCkg0YQTJOY\" target=\"_blank\" rel=\"nofollow noopener\">\n\t\t\t\t\t\t<span class=\"elementor-button-content-wrapper\">\n\t\t\t\t\t\t\t\t\t<span class=\"elementor-button-text\">Mira nuestro video manifiesto<\/span>\n\t\t\t\t\t<\/span>\n\t\t\t\t\t<\/a>\n\t\t\t\t<\/div>\n\t\t\t\t\t\t<\/div>\n\t\t\t\t<\/div>\n\t\t\t\t<div class=\"elementor-element elementor-element-433c30f elementor-widget elementor-widget-text-editor\" data-id=\"433c30f\" data-element_type=\"widget\" data-widget_type=\"text-editor.default\">\n\t\t\t\t<div class=\"elementor-widget-container\">\n\t\t\t\t\t\t\t<p class=\"selectable-text copyable-text x15bjb6t x1n2onr6\"><span class=\"selectable-text copyable-text xkrh14z\">Casterine nace de la s\u00f3lida experiencia de Colson Rodas e Rod\u00edzios, manteniendo sus valores y compromisos con la innovaci\u00f3n, la sostenibilidad y la calidad.<\/span><\/p>\t\t\t\t\t\t<\/div>\n\t\t\t\t<\/div>\n\t\t\t\t\t<\/div>\n\t\t\t\t<\/div>\n\t\t\t\t\t<\/div>\n\t\t\t\t<\/div>\n\t\t<div class=\"elementor-element elementor-element-17710d8 e-flex e-con-boxed e-con e-parent\" data-id=\"17710d8\" data-element_type=\"container\" id=\"diferenciais\" data-settings=\"{&quot;background_background&quot;:&quot;classic&quot;}\">\n\t\t\t\t\t<div class=\"e-con-inner\">\n\t\t<div class=\"elementor-element elementor-element-6977403 e-con-full e-flex e-con e-child\" data-id=\"6977403\" data-element_type=\"container\">\n\t\t<div class=\"elementor-element elementor-element-7d98e93 e-con-full animated-fast e-flex elementor-invisible e-con e-child\" data-id=\"7d98e93\" data-element_type=\"container\" data-settings=\"{&quot;animation&quot;:&quot;fadeInUp&quot;,&quot;animation_delay&quot;:100}\">\n\t\t\t\t<div class=\"elementor-element elementor-element-08a75c5 elementor-widget__width-auto elementor-widget elementor-widget-heading\" data-id=\"08a75c5\" data-element_type=\"widget\" data-widget_type=\"heading.default\">\n\t\t\t\t<div class=\"elementor-widget-container\">\n\t\t\t<h2 class=\"elementor-heading-title elementor-size-default\">Presencia<\/h2>\t\t<\/div>\n\t\t\t\t<\/div>\n\t\t<div class=\"elementor-element elementor-element-5a2fe36 e-con-full e-flex e-con e-child\" data-id=\"5a2fe36\" data-element_type=\"container\" data-settings=\"{&quot;background_background&quot;:&quot;classic&quot;}\">\n\t\t\t\t<div class=\"elementor-element elementor-element-4638b62 elementor-widget__width-initial elementor-widget-mobile__width-inherit elementor-widget elementor-widget-text-editor\" data-id=\"4638b62\" data-element_type=\"widget\" data-widget_type=\"text-editor.default\">\n\t\t\t\t<div class=\"elementor-widget-container\">\n\t\t\t\t\t\t\t<p><span style=\"font-weight: 400;\">Casterine est\u00e1 presente en todos los canales de ventas, dentro de los m\u00e1s diversos sectores, como hospitalarios, alimentario y automotriz, entre otros, <strong>entregando soluciones de alt\u00edsima calidad en todo Brasil.<\/strong><\/span><\/p>\t\t\t\t\t\t<\/div>\n\t\t\t\t<\/div>\n\t\t\t\t<\/div>\n\t\t\t\t<div class=\"elementor-element elementor-element-2253fa5 elementor-widget elementor-widget-image\" data-id=\"2253fa5\" data-element_type=\"widget\" data-widget_type=\"image.default\">\n\t\t\t\t<div class=\"elementor-widget-container\">\n\t\t\t\t\t\t\t\t\t\t\t\t\t<img decoding=\"async\" width=\"780\" height=\"520\" src=\"https:\/\/casterine.com.br\/wp-content\/uploads\/2024\/11\/home-presenca.webp\" class=\"attachment-full size-full wp-image-6075\" alt=\"\" srcset=\"https:\/\/casterine.com.br\/wp-content\/uploads\/2024\/11\/home-presenca.webp 780w, https:\/\/casterine.com.br\/wp-content\/uploads\/2024\/11\/home-presenca-300x200.webp 300w, https:\/\/casterine.com.br\/wp-content\/uploads\/2024\/11\/home-presenca-768x512.webp 768w\" sizes=\"(max-width: 780px) 100vw, 780px\" \/>\t\t\t\t\t\t\t\t\t\t\t\t\t<\/div>\n\t\t\t\t<\/div>\n\t\t\t\t<\/div>\n\t\t<div class=\"elementor-element elementor-element-449a4c7 e-con-full animated-fast e-flex elementor-invisible e-con e-child\" data-id=\"449a4c7\" data-element_type=\"container\" data-settings=\"{&quot;animation&quot;:&quot;fadeInUp&quot;,&quot;animation_delay&quot;:150}\">\n\t\t\t\t<div class=\"elementor-element elementor-element-c0f17af elementor-widget__width-auto elementor-widget elementor-widget-heading\" data-id=\"c0f17af\" data-element_type=\"widget\" data-widget_type=\"heading.default\">\n\t\t\t\t<div class=\"elementor-widget-container\">\n\t\t\t<h2 class=\"elementor-heading-title elementor-size-default\">Fast Delivery\u200b<\/h2>\t\t<\/div>\n\t\t\t\t<\/div>\n\t\t<div class=\"elementor-element elementor-element-fc48af3 e-con-full e-flex e-con e-child\" data-id=\"fc48af3\" data-element_type=\"container\" data-settings=\"{&quot;background_background&quot;:&quot;classic&quot;}\">\n\t\t\t\t<div class=\"elementor-element elementor-element-73443a9 elementor-widget__width-initial elementor-widget-mobile__width-inherit elementor-widget elementor-widget-text-editor\" data-id=\"73443a9\" data-element_type=\"widget\" data-widget_type=\"text-editor.default\">\n\t\t\t\t<div class=\"elementor-widget-container\">\n\t\t\t\t\t\t\t<p><span style=\"font-weight: 400;\"><strong>En Casterine tu pedido se embarca en hasta horas.<\/strong> Poseemos un sistema de distribuci\u00f3n interno que optimiza la producci\u00f3n y almacenamiento de los art\u00edculos m\u00e1s vendidos y garantiza <strong>la entrega m\u00e1s \u00e1gil del segmento.<\/strong><\/span><\/p>\t\t\t\t\t\t<\/div>\n\t\t\t\t<\/div>\n\t\t\t\t<\/div>\n\t\t\t\t<div class=\"elementor-element elementor-element-ae20414 elementor-widget elementor-widget-image\" data-id=\"ae20414\" data-element_type=\"widget\" data-widget_type=\"image.default\">\n\t\t\t\t<div class=\"elementor-widget-container\">\n\t\t\t\t\t\t\t\t\t\t\t\t\t<img decoding=\"async\" width=\"780\" height=\"520\" src=\"https:\/\/casterine.com.br\/wp-content\/uploads\/2024\/11\/home-delivery.webp\" class=\"attachment-full size-full wp-image-6074\" alt=\"\" srcset=\"https:\/\/casterine.com.br\/wp-content\/uploads\/2024\/11\/home-delivery.webp 780w, https:\/\/casterine.com.br\/wp-content\/uploads\/2024\/11\/home-delivery-300x200.webp 300w, https:\/\/casterine.com.br\/wp-content\/uploads\/2024\/11\/home-delivery-768x512.webp 768w\" sizes=\"(max-width: 780px) 100vw, 780px\" \/>\t\t\t\t\t\t\t\t\t\t\t\t\t<\/div>\n\t\t\t\t<\/div>\n\t\t\t\t<\/div>\n\t\t<div class=\"elementor-element elementor-element-a58092e e-con-full animated-fast e-flex elementor-invisible e-con e-child\" data-id=\"a58092e\" data-element_type=\"container\" data-settings=\"{&quot;animation&quot;:&quot;fadeInUp&quot;,&quot;animation_delay&quot;:200}\">\n\t\t\t\t<div class=\"elementor-element elementor-element-93013b2 elementor-widget__width-auto elementor-widget elementor-widget-heading\" data-id=\"93013b2\" data-element_type=\"widget\" data-widget_type=\"heading.default\">\n\t\t\t\t<div class=\"elementor-widget-container\">\n\t\t\t<h2 class=\"elementor-heading-title elementor-size-default\">Cat\u00e1logo Diverso<\/h2>\t\t<\/div>\n\t\t\t\t<\/div>\n\t\t<div class=\"elementor-element elementor-element-a341f4b e-con-full e-flex e-con e-child\" data-id=\"a341f4b\" data-element_type=\"container\" data-settings=\"{&quot;background_background&quot;:&quot;classic&quot;}\">\n\t\t\t\t<div class=\"elementor-element elementor-element-5f1876d elementor-widget__width-initial elementor-widget-mobile__width-inherit elementor-widget elementor-widget-text-editor\" data-id=\"5f1876d\" data-element_type=\"widget\" data-widget_type=\"text-editor.default\">\n\t\t\t\t<div class=\"elementor-widget-container\">\n\t\t\t\t\t\t\t<p><span style=\"font-weight: 400;\"><strong>Poseemos diversas l\u00edneas de productos con opciones que se adec\u00faan a tus necesidades.<\/strong> Atendemos tambi\u00e9n necesidades espec\u00edficas, adaptando nuestros productos de acuerdo con lo que el cliente y el mercado necesitan.<\/span><\/p>\t\t\t\t\t\t<\/div>\n\t\t\t\t<\/div>\n\t\t\t\t<\/div>\n\t\t\t\t<div class=\"elementor-element elementor-element-565cddc elementor-widget elementor-widget-image\" data-id=\"565cddc\" data-element_type=\"widget\" data-widget_type=\"image.default\">\n\t\t\t\t<div class=\"elementor-widget-container\">\n\t\t\t\t\t\t\t\t\t\t\t\t\t<img loading=\"lazy\" decoding=\"async\" width=\"780\" height=\"520\" src=\"https:\/\/casterine.com.br\/wp-content\/uploads\/2024\/11\/home-catalogo.webp\" class=\"attachment-full size-full wp-image-6073\" alt=\"\" srcset=\"https:\/\/casterine.com.br\/wp-content\/uploads\/2024\/11\/home-catalogo.webp 780w, https:\/\/casterine.com.br\/wp-content\/uploads\/2024\/11\/home-catalogo-300x200.webp 300w, https:\/\/casterine.com.br\/wp-content\/uploads\/2024\/11\/home-catalogo-768x512.webp 768w\" sizes=\"(max-width: 780px) 100vw, 780px\" \/>\t\t\t\t\t\t\t\t\t\t\t\t\t<\/div>\n\t\t\t\t<\/div>\n\t\t\t\t<\/div>\n\t\t\t\t<\/div>\n\t\t<div class=\"elementor-element elementor-element-d7d89b0 e-flex e-con-boxed e-con e-child\" data-id=\"d7d89b0\" data-element_type=\"container\">\n\t\t\t\t\t<div class=\"e-con-inner\">\n\t\t<div class=\"elementor-element elementor-element-426a2f8 e-con-full animated-fast e-flex elementor-invisible e-con e-child\" data-id=\"426a2f8\" data-element_type=\"container\" data-settings=\"{&quot;animation&quot;:&quot;fadeInUp&quot;,&quot;animation_delay&quot;:250}\">\n\t\t\t\t<div class=\"elementor-element elementor-element-c1fbd42 elementor-align-right elementor-widget__width-initial elementor-mobile-align-justify elementor-widget-mobile__width-inherit elementor-widget elementor-widget-button\" data-id=\"c1fbd42\" data-element_type=\"widget\" data-widget_type=\"button.default\">\n\t\t\t\t<div class=\"elementor-widget-container\">\n\t\t\t\t\t\t\t<div class=\"elementor-button-wrapper\">\n\t\t\t\t\t<a class=\"elementor-button elementor-button-link elementor-size-sm elementor-animation-float\" href=\"http:\/\/casterine.com.br\/wp-content\/uploads\/2025\/09\/CATALOGO-DIGITAL-ESP-2025-baixa-Casterine.pdf\">\n\t\t\t\t\t\t<span class=\"elementor-button-content-wrapper\">\n\t\t\t\t\t\t\t\t\t<span class=\"elementor-button-text\">Acesse o Cat\u00e1logo Casterine<\/span>\n\t\t\t\t\t<\/span>\n\t\t\t\t\t<\/a>\n\t\t\t\t<\/div>\n\t\t\t\t\t\t<\/div>\n\t\t\t\t<\/div>\n\t\t\t\t<div class=\"elementor-element elementor-element-a57a94c elementor-align-left elementor-widget__width-initial elementor-mobile-align-justify elementor-widget-mobile__width-inherit elementor-widget elementor-widget-button\" data-id=\"a57a94c\" data-element_type=\"widget\" data-widget_type=\"button.default\">\n\t\t\t\t<div class=\"elementor-widget-container\">\n\t\t\t\t\t\t\t<div class=\"elementor-button-wrapper\">\n\t\t\t\t\t<a class=\"elementor-button elementor-button-link elementor-size-sm elementor-animation-float\" href=\"https:\/\/casterine.com.br\/trabalhe-conosco\/\">\n\t\t\t\t\t\t<span class=\"elementor-button-content-wrapper\">\n\t\t\t\t\t\t\t\t\t<span class=\"elementor-button-text\">Trabaja con Nosotros<\/span>\n\t\t\t\t\t<\/span>\n\t\t\t\t\t<\/a>\n\t\t\t\t<\/div>\n\t\t\t\t\t\t<\/div>\n\t\t\t\t<\/div>\n\t\t\t\t<\/div>\n\t\t\t\t\t<\/div>\n\t\t\t\t<\/div>\n\t\t\t\t\t<\/div>\n\t\t\t\t<\/div>\n\t\t<div class=\"elementor-element elementor-element-01613eb elementor-hidden-desktop elementor-hidden-tablet elementor-hidden-mobile e-flex e-con-boxed e-con e-parent\" data-id=\"01613eb\" data-element_type=\"container\" data-settings=\"{&quot;background_background&quot;:&quot;classic&quot;}\">\n\t\t\t\t\t<div class=\"e-con-inner\">\n\t\t<div class=\"elementor-element elementor-element-4cee7d7 e-con-full e-flex e-con e-child\" data-id=\"4cee7d7\" data-element_type=\"container\">\n\t\t<div class=\"elementor-element elementor-element-48249d7 e-con-full e-flex e-con e-child\" data-id=\"48249d7\" data-element_type=\"container\">\n\t\t\t\t<div class=\"elementor-element elementor-element-95027cb elementor-widget-tablet__width-inherit elementor-widget elementor-widget-heading\" data-id=\"95027cb\" data-element_type=\"widget\" data-widget_type=\"heading.default\">\n\t\t\t\t<div class=\"elementor-widget-container\">\n\t\t\t<h2 class=\"elementor-heading-title elementor-size-default\">Blog<\/h2>\t\t<\/div>\n\t\t\t\t<\/div>\n\t\t\t\t<div class=\"elementor-element elementor-element-e1f9aa8 elementor-widget-tablet__width-inherit elementor-widget elementor-widget-heading\" data-id=\"e1f9aa8\" data-element_type=\"widget\" data-widget_type=\"heading.default\">\n\t\t\t\t<div class=\"elementor-widget-container\">\n\t\t\t<h2 class=\"elementor-heading-title elementor-size-default\">Novidades<\/h2>\t\t<\/div>\n\t\t\t\t<\/div>\n\t\t\t\t<\/div>\n\t\t<div class=\"elementor-element elementor-element-3a29e30 e-con-full e-flex e-con e-child\" data-id=\"3a29e30\" data-element_type=\"container\">\n\t\t\t\t<div class=\"elementor-element elementor-element-b69cbe6 elementor-align-right elementor-widget-tablet__width-inherit elementor-mobile-align-right elementor-widget elementor-widget-button\" data-id=\"b69cbe6\" data-element_type=\"widget\" data-widget_type=\"button.default\">\n\t\t\t\t<div class=\"elementor-widget-container\">\n\t\t\t\t\t\t\t<div class=\"elementor-button-wrapper\">\n\t\t\t\t\t<a class=\"elementor-button elementor-size-sm elementor-animation-float\" role=\"button\">\n\t\t\t\t\t\t<span class=\"elementor-button-content-wrapper\">\n\t\t\t\t\t\t\t\t\t<span class=\"elementor-button-text\">Em breve<\/span>\n\t\t\t\t\t<\/span>\n\t\t\t\t\t<\/a>\n\t\t\t\t<\/div>\n\t\t\t\t\t\t<\/div>\n\t\t\t\t<\/div>\n\t\t\t\t<div class=\"elementor-element elementor-element-8d80a32 elementor-widget elementor-widget-image\" data-id=\"8d80a32\" data-element_type=\"widget\" data-widget_type=\"image.default\">\n\t\t\t\t<div class=\"elementor-widget-container\">\n\t\t\t\t\t\t\t\t\t\t\t\t\t<img loading=\"lazy\" decoding=\"async\" width=\"193\" height=\"65\" src=\"https:\/\/casterine.com.br\/wp-content\/uploads\/2024\/11\/circulos-1.webp\" class=\"attachment-full size-full wp-image-6005\" alt=\"\" \/>\t\t\t\t\t\t\t\t\t\t\t\t\t<\/div>\n\t\t\t\t<\/div>\n\t\t\t\t<\/div>\n\t\t\t\t<\/div>\n\t\t\t\t\t<\/div>\n\t\t\t\t<\/div>\n\t\t\t\t<\/div>\n\t\t","protected":false},"excerpt":{"rendered":"<p>Rodas e Rod\u00edzios NUESTRA HISTORIA Mira nuestro video manifiesto Casterine nace de la s\u00f3lida experiencia de Colson Rodas e Rod\u00edzios, [&hellip;]<\/p>\n","protected":false},"author":8,"featured_media":0,"parent":0,"menu_order":0,"comment_status":"closed","ping_status":"closed","template":"","meta":{"om_disable_all_campaigns":false,"site-sidebar-layout":"no-sidebar","site-content-layout":"page-builder","ast-site-content-layout":"full-width-container","site-content-style":"default","site-sidebar-style":"default","ast-global-header-display":"","ast-banner-title-visibility":"","ast-main-header-display":"","ast-hfb-above-header-display":"","ast-hfb-below-header-display":"","ast-hfb-mobile-header-display":"","site-post-title":"","ast-breadcrumbs-content":"","ast-featured-img":"disabled","footer-sml-layout":"","theme-transparent-header-meta":"","adv-header-id-meta":"","stick-header-meta":"","header-above-stick-meta":"","header-main-stick-meta":"","header-below-stick-meta":"","astra-migrate-meta-layouts":"default","ast-page-background-enabled":"default","ast-page-background-meta":{"desktop":{"background-color":"var(--ast-global-color-4)","background-image":"","background-repeat":"repeat","background-position":"center center","background-size":"auto","background-attachment":"scroll","background-type":"","background-media":"","overlay-type":"","overlay-color":"","overlay-opacity":"","overlay-gradient":""},"tablet":{"background-color":"","background-image":"","background-repeat":"repeat","background-position":"center center","background-size":"auto","background-attachment":"scroll","background-type":"","background-media":"","overlay-type":"","overlay-color":"","overlay-opacity":"","overlay-gradient":""},"mobile":{"background-color":"","background-image":"","background-repeat":"repeat","background-position":"center center","background-size":"auto","background-attachment":"scroll","background-type":"","background-media":"","overlay-type":"","overlay-color":"","overlay-opacity":"","overlay-gradient":""}},"ast-content-background-meta":{"desktop":{"background-color":"var(--ast-global-color-5)","background-image":"","background-repeat":"repeat","background-position":"center center","background-size":"auto","background-attachment":"scroll","background-type":"","background-media":"","overlay-type":"","overlay-color":"","overlay-opacity":"","overlay-gradient":""},"tablet":{"background-color":"var(--ast-global-color-5)","background-image":"","background-repeat":"repeat","background-position":"center center","background-size":"auto","background-attachment":"scroll","background-type":"","background-media":"","overlay-type":"","overlay-color":"","overlay-opacity":"","overlay-gradient":""},"mobile":{"background-color":"var(--ast-global-color-5)","background-image":"","background-repeat":"repeat","background-position":"center center","background-size":"auto","background-attachment":"scroll","background-type":"","background-media":"","overlay-type":"","overlay-color":"","overlay-opacity":"","overlay-gradient":""}},"footnotes":""},"class_list":["post-8385","page","type-page","status-publish","hentry"],"_links":{"self":[{"href":"https:\/\/casterine.com.br\/es\/wp-json\/wp\/v2\/pages\/8385","targetHints":{"allow":["GET"]}}],"collection":[{"href":"https:\/\/casterine.com.br\/es\/wp-json\/wp\/v2\/pages"}],"about":[{"href":"https:\/\/casterine.com.br\/es\/wp-json\/wp\/v2\/types\/page"}],"author":[{"embeddable":true,"href":"https:\/\/casterine.com.br\/es\/wp-json\/wp\/v2\/users\/8"}],"replies":[{"embeddable":true,"href":"https:\/\/casterine.com.br\/es\/wp-json\/wp\/v2\/comments?post=8385"}],"version-history":[{"count":0,"href":"https:\/\/casterine.com.br\/es\/wp-json\/wp\/v2\/pages\/8385\/revisions"}],"wp:attachment":[{"href":"https:\/\/casterine.com.br\/es\/wp-json\/wp\/v2\/media?parent=8385"}],"curies":[{"name":"wp","href":"https:\/\/api.w.org\/{rel}","templated":true}]}}